{"id":11606,"date":"2015-09-29T10:43:50","date_gmt":"2015-09-29T09:43:50","guid":{"rendered":"http:\/\/www.bsrimprimeurs.ch\/blog\/?page_id=11606"},"modified":"2026-02-24T15:13:57","modified_gmt":"2026-02-24T14:13:57","slug":"01_a-propos","status":"publish","type":"page","link":"https:\/\/www.bsrimprimeurs.ch\/index.php\/01_a-propos\/","title":{"rendered":"01_A propos"},"content":{"rendered":"<div class=\"fusion-fullwidth fullwidth-box fusion-builder-row-1 fusion-flex-container hundred-percent-fullwidth non-hundred-percent-height-scrolling\" style=\"--awb-border-radius-top-left:0px;--awb-border-radius-top-right:0px;--awb-border-radius-bottom-right:0px;--awb-border-radius-bottom-left:0px;--awb-overflow:visible;--awb-flex-wrap:wrap;\" ><div class=\"fusion-builder-row fusion-row fusion-flex-align-items-flex-start fusion-flex-content-wrap\" style=\"width:104% !important;max-width:104% !important;margin-left: calc(-4% \/ 2 );margin-right: calc(-4% \/ 2 );\"><div class=\"fusion-layout-column fusion_builder_column fusion-builder-column-0 fusion_builder_column_2_5 2_5 fusion-flex-column\" style=\"--awb-bg-blend:overlay;--awb-bg-size:cover;--awb-width-large:40%;--awb-margin-top-large:0px;--awb-spacing-right-large:3.84%;--awb-margin-bottom-large:20px;--awb-spacing-left-large:4.8%;--awb-width-medium:40%;--awb-spacing-right-medium:3.84%;--awb-spacing-left-medium:4.8%;--awb-width-small:100%;--awb-spacing-right-small:1.92%;--awb-spacing-left-small:1.92%;\"><div class=\"fusion-column-wrapper fusion-flex-justify-content-flex-start fusion-content-layout-column\"><div class=\"fusion-separator fusion-full-width-sep\" style=\"align-self: center;margin-left: auto;margin-right: auto;margin-top:20px;width:100%;\"><\/div><i class=\"fb-icon-element-1 fb-icon-element fontawesome-icon fa fa-quote-left circle-no fusion-animated\" style=\"--awb-iconcolor:#ed1c8f;--awb-iconcolor-hover:#ed1c8f;--awb-circlecolor:#ffffff;--awb-font-size:200px;--awb-margin-top:0;--awb-margin-right:0;--awb-margin-bottom:0;--awb-margin-left:0;--awb-align-self:center;\" data-animationType=\"fadeInDown\" data-animationDuration=\"1\" data-animationOffset=\"top-into-view\"><\/i><\/div><\/div><div class=\"fusion-layout-column fusion_builder_column fusion-builder-column-1 fusion_builder_column_3_5 3_5 fusion-flex-column\" style=\"--awb-bg-blend:overlay;--awb-bg-size:cover;--awb-width-large:60%;--awb-margin-top-large:0px;--awb-spacing-right-large:3.2%;--awb-margin-bottom-large:20px;--awb-spacing-left-large:3.84%;--awb-width-medium:60%;--awb-spacing-right-medium:3.2%;--awb-spacing-left-medium:3.84%;--awb-width-small:100%;--awb-spacing-right-small:1.92%;--awb-spacing-left-small:1.92%;\"><div class=\"fusion-column-wrapper fusion-flex-justify-content-flex-start fusion-content-layout-column\"><div class=\"fusion-text fusion-text-1\"><h1 style=\"text-align: left;\">A propos<\/h1>\n<p><b><\/b>Avec une\u00a0structure \u00e0 taille humaine, vous communiquerez\u00a0en direct avec notre \u00e9quipe de professionnels. Le dialogue est facile et accessible, les devis suivent rapidement et d\u00e8s l\u2019accord du mandant, les presses se mettent \u00e0 tourner.<\/p>\n<p>Flexibles, nous sommes\u00a0en mesure de r\u00e9aliser tous les travaux graphiques et d\u2019impression, du simple mandat \u00e0 la r\u00e9alisation complexe.<\/p>\n<p><b>NOS SERVICES EN BREF<\/b><\/p>\n<ul>\n<li>nous vous conseillons\u00a0sur vos projets<\/li>\n<li>nous vous\u00a0proposons les supports et les proc\u00e9d\u00e9s d\u2019impression les mieux adapt\u00e9s<\/li>\n<li>nous contr\u00f4lons, corrigeons ou cr\u00e9ons vos visuels graphiques<\/li>\n<li>nous r\u00e9alisons\u00a0vos imprim\u00e9s en offset ou num\u00e9rique<\/li>\n<li>nous assurons\u00a0les finitions et l\u2019ennoblissement de vos cr\u00e9ations<\/li>\n<\/ul>\n<p>En jouant la carte de la proximit\u00e9, nous s\u00e9duisons\u00a0ainsi toujours plus d&rsquo;entreprises en g\u00e9rant\u00a0leurs projets de A \u00e0 Z avec\u00a0une \u00e9quipe pluridisciplinaire et hautement qualifi\u00e9e.<\/p>\n<\/div><div class=\"fusion-separator fusion-full-width-sep\" style=\"align-self: center;margin-left: auto;margin-right: auto;margin-top:10px;margin-bottom:10px;width:100%;\"><\/div><div class=\"fusion-content-boxes content-boxes columns row fusion-columns-1 fusion-columns-total-1 fusion-content-boxes-1 content-boxes-icon-boxed content-left\" style=\"--awb-body-color:#000000;--awb-title-color:#ed1c8f;--awb-hover-accent-color:var(--awb-color4);--awb-circle-hover-accent-color:var(--awb-color4);--awb-item-margin-bottom:40px;\" data-animationOffset=\"top-into-view\"><div style=\"--awb-backgroundcolor:#f2f2f2;\" class=\"fusion-column content-box-column content-box-column content-box-column-1 col-lg-12 col-md-12 col-sm-12 fusion-content-box-hover content-box-column-last content-box-column-last-in-row\"><div class=\"col content-box-wrapper content-wrapper-background content-wrapper-boxed link-area-link-icon icon-hover-animation-pulsate\" data-animationOffset=\"top-into-view\"><div class=\"heading heading-with-icon icon-left\"><div class=\"icon\"><i style=\"border-color:#ffffff;border-width:1px;background-color:#ed1c8f;box-sizing:content-box;height:42px;width:42px;line-height:42px;top:-71px;margin-left:-21px;border-radius:50%;font-size:21px;\" aria-hidden=\"true\" class=\"fontawesome-icon fa-book fas circle-yes\"><\/i><\/div><h2 class=\"content-box-heading fusion-responsive-typography-calculated\" style=\"--h2_typography-font-size:20px;--fontSize:20;line-height:1.13;\">Une entreprise formatrice<\/h2><\/div><div class=\"fusion-clearfix\"><\/div><div class=\"content-container\"> Depuis toujours, l\u2019imprimerie mise sur la formation des apprentis pour assurer la rel\u00e8ve dans un domaine qui \u00e9volue sans cesse. Et cela lui r\u00e9ussit plut\u00f4t bien. L\u2019encadrement humain et technique de l\u2019entreprise propulse r\u00e9guli\u00e8rement les jeunes apprentis sur le podium des meilleurs r\u00e9sultats de Suisse romande. Quatre sur cinq de ses apprentis ont termin\u00e9 premiers des examens pratiques et un autre a fini troisi\u00e8me\u2009!<\/div><\/div><\/div><div class=\"fusion-clearfix\"><\/div><\/div><\/div><\/div><\/div><\/div>\n","protected":false},"excerpt":{"rendered":"","protected":false},"author":1,"featured_media":0,"parent":0,"menu_order":0,"comment_status":"closed","ping_status":"closed","template":"","meta":{"footnotes":""},"class_list":["post-11606","page","type-page","status-publish","hentry"],"_links":{"self":[{"href":"https:\/\/www.bsrimprimeurs.ch\/index.php\/wp-json\/wp\/v2\/pages\/11606","targetHints":{"allow":["GET"]}}],"collection":[{"href":"https:\/\/www.bsrimprimeurs.ch\/index.php\/wp-json\/wp\/v2\/pages"}],"about":[{"href":"https:\/\/www.bsrimprimeurs.ch\/index.php\/wp-json\/wp\/v2\/types\/page"}],"author":[{"embeddable":true,"href":"https:\/\/www.bsrimprimeurs.ch\/index.php\/wp-json\/wp\/v2\/users\/1"}],"replies":[{"embeddable":true,"href":"https:\/\/www.bsrimprimeurs.ch\/index.php\/wp-json\/wp\/v2\/comments?post=11606"}],"version-history":[{"count":29,"href":"https:\/\/www.bsrimprimeurs.ch\/index.php\/wp-json\/wp\/v2\/pages\/11606\/revisions"}],"predecessor-version":[{"id":12192,"href":"https:\/\/www.bsrimprimeurs.ch\/index.php\/wp-json\/wp\/v2\/pages\/11606\/revisions\/12192"}],"wp:attachment":[{"href":"https:\/\/www.bsrimprimeurs.ch\/index.php\/wp-json\/wp\/v2\/media?parent=11606"}],"curies":[{"name":"wp","href":"https:\/\/api.w.org\/{rel}","templated":true}]}}