{"id":11630,"date":"2015-09-29T12:32:13","date_gmt":"2015-09-29T11:32:13","guid":{"rendered":"http:\/\/www.bsrimprimeurs.ch\/blog\/?page_id=11630"},"modified":"2026-02-24T14:07:53","modified_gmt":"2026-02-24T13:07:53","slug":"04_faconnage","status":"publish","type":"page","link":"https:\/\/www.bsrimprimeurs.ch\/index.php\/04_faconnage\/","title":{"rendered":"04_Fa\u00e7onnage"},"content":{"rendered":"<div class=\"fusion-fullwidth fullwidth-box fusion-builder-row-1 fusion-flex-container hundred-percent-fullwidth non-hundred-percent-height-scrolling\" style=\"--awb-border-radius-top-left:0px;--awb-border-radius-top-right:0px;--awb-border-radius-bottom-right:0px;--awb-border-radius-bottom-left:0px;--awb-overflow:visible;--awb-flex-wrap:wrap;\" ><div class=\"fusion-builder-row fusion-row fusion-flex-align-items-flex-start fusion-flex-content-wrap\" style=\"width:104% !important;max-width:104% !important;margin-left: calc(-4% \/ 2 );margin-right: calc(-4% \/ 2 );\"><div class=\"fusion-layout-column fusion_builder_column fusion-builder-column-0 fusion_builder_column_2_5 2_5 fusion-flex-column\" style=\"--awb-bg-size:cover;--awb-width-large:40%;--awb-margin-top-large:0px;--awb-spacing-right-large:3.84%;--awb-margin-bottom-large:20px;--awb-spacing-left-large:4.8%;--awb-width-medium:40%;--awb-spacing-right-medium:3.84%;--awb-spacing-left-medium:4.8%;--awb-width-small:100%;--awb-spacing-right-small:1.92%;--awb-spacing-left-small:1.92%;\"><div class=\"fusion-column-wrapper fusion-flex-justify-content-flex-start fusion-content-layout-column\"><div class=\"fusion-separator fusion-full-width-sep\" style=\"align-self: center;margin-left: auto;margin-right: auto;margin-top:10px;margin-bottom:20px;width:100%;\"><\/div><i class=\"fb-icon-element-1 fb-icon-element fontawesome-icon fa fa-crop circle-no fusion-animated\" style=\"--awb-iconcolor:#ed1c8f;--awb-iconcolor-hover:#ed1c8f;--awb-circlecolor:#ffffff;--awb-font-size:200px;--awb-margin-top:0;--awb-margin-right:0;--awb-margin-bottom:0;--awb-margin-left:0;--awb-align-self:center;\" data-animationType=\"fadeInDown\" data-animationDuration=\"1\" data-animationOffset=\"top-into-view\"><\/i><\/div><\/div><div class=\"fusion-layout-column fusion_builder_column fusion-builder-column-1 fusion_builder_column_3_5 3_5 fusion-flex-column\" style=\"--awb-bg-size:cover;--awb-width-large:60%;--awb-margin-top-large:0px;--awb-spacing-right-large:3.2%;--awb-margin-bottom-large:20px;--awb-spacing-left-large:3.84%;--awb-width-medium:60%;--awb-spacing-right-medium:3.2%;--awb-spacing-left-medium:3.84%;--awb-width-small:100%;--awb-spacing-right-small:1.92%;--awb-spacing-left-small:1.92%;\"><div class=\"fusion-column-wrapper fusion-flex-justify-content-flex-start fusion-content-layout-column\"><div class=\"fusion-text fusion-text-1\"><h1 style=\"text-align: left;\">Fa\u00e7onnage<\/h1>\n<p>Les d\u00e9tails font souvent la diff\u00e9rence. C\u2019est pour cette raison que nous prenons\u00a0un soin particulier \u00e0 la finition de vos imprim\u00e9s.<\/p>\n<p>Pour honorer cet engagement, l\u2019imprimerie dispose d\u2019un atelier de reliure complet. De la plastification au pliage en passant par la perforation et les appr\u00eats sp\u00e9ciaux (<span class=\"homepage_box\">laminage mat ou brillant, gaufrage, d\u00e9coupe sp\u00e9ciale, vernis UV s\u00e9lectif, dorure \u00e0 chaud, etc.<\/span>), tout y est soigneusement ex\u00e9cut\u00e9 pour donner le plus bel aspect \u00e0 vos documents.<\/p>\n<p><b>PUBLIPOSTAGE ET DIFFUSION <\/b><br \/>\nGagnez du temps et confiez-nous la pr\u00e9paration et la diffusion de vos publipostages. Nous nous chargeons de tout. Nous fusionnons\u00a0les adresses, r\u00e9partissons les courriers, mettons sous pli et livrons les lettres \u00e0 la poste.<\/p>\n<\/div><div class=\"fusion-separator fusion-full-width-sep\" style=\"align-self: center;margin-left: auto;margin-right: auto;margin-top:10px;margin-bottom:10px;width:100%;\"><\/div><div class=\"fusion-content-boxes content-boxes columns row fusion-columns-1 fusion-columns-total-1 fusion-content-boxes-1 content-boxes-icon-boxed content-left\" style=\"--awb-body-color:#000000;--awb-title-color:#ed1c8f;--awb-hover-accent-color:var(--awb-color4);--awb-circle-hover-accent-color:var(--awb-color4);--awb-item-margin-bottom:40px;\" data-animationOffset=\"top-into-view\"><div style=\"--awb-backgroundcolor:#f2f2f2;\" class=\"fusion-column content-box-column content-box-column content-box-column-1 col-lg-12 col-md-12 col-sm-12 fusion-content-box-hover content-box-column-last content-box-column-last-in-row\"><div class=\"col content-box-wrapper content-wrapper-background content-wrapper-boxed link-area-link-icon icon-hover-animation-pulsate\" data-animationOffset=\"top-into-view\"><div class=\"heading heading-with-icon icon-left\"><div class=\"icon\"><i style=\"border-color:#ffffff;border-width:1px;background-color:#ed1c8f;box-sizing:content-box;height:42px;width:42px;line-height:42px;top:-71px;margin-left:-21px;border-radius:50%;font-size:21px;\" aria-hidden=\"true\" class=\"fontawesome-icon fa-plus fas circle-yes\"><\/i><\/div><h2 class=\"content-box-heading fusion-responsive-typography-calculated\" style=\"--h2_typography-font-size:20px;--fontSize:20;line-height:1.13;\">Le petit + qui fait la diff\u00e9rence<\/h2><\/div><div class=\"fusion-clearfix\"><\/div><div class=\"content-container\"> N&rsquo;h\u00e9sitez pas \u00e0 nous contacter lors de la conception de vos travaux. Notre \u00e9quipe pourra vous conseiller sur les nombreuses techniques \u00e0 disposition pour rendre vos imprim\u00e9s plus attrayants et qualitatifs.<\/div><\/div><\/div><div class=\"fusion-clearfix\"><\/div><\/div><\/div><\/div><\/div><\/div>\n","protected":false},"excerpt":{"rendered":"","protected":false},"author":1,"featured_media":0,"parent":0,"menu_order":0,"comment_status":"closed","ping_status":"closed","template":"","meta":{"footnotes":""},"class_list":["post-11630","page","type-page","status-publish","hentry"],"_links":{"self":[{"href":"https:\/\/www.bsrimprimeurs.ch\/index.php\/wp-json\/wp\/v2\/pages\/11630","targetHints":{"allow":["GET"]}}],"collection":[{"href":"https:\/\/www.bsrimprimeurs.ch\/index.php\/wp-json\/wp\/v2\/pages"}],"about":[{"href":"https:\/\/www.bsrimprimeurs.ch\/index.php\/wp-json\/wp\/v2\/types\/page"}],"author":[{"embeddable":true,"href":"https:\/\/www.bsrimprimeurs.ch\/index.php\/wp-json\/wp\/v2\/users\/1"}],"replies":[{"embeddable":true,"href":"https:\/\/www.bsrimprimeurs.ch\/index.php\/wp-json\/wp\/v2\/comments?post=11630"}],"version-history":[{"count":15,"href":"https:\/\/www.bsrimprimeurs.ch\/index.php\/wp-json\/wp\/v2\/pages\/11630\/revisions"}],"predecessor-version":[{"id":12186,"href":"https:\/\/www.bsrimprimeurs.ch\/index.php\/wp-json\/wp\/v2\/pages\/11630\/revisions\/12186"}],"wp:attachment":[{"href":"https:\/\/www.bsrimprimeurs.ch\/index.php\/wp-json\/wp\/v2\/media?parent=11630"}],"curies":[{"name":"wp","href":"https:\/\/api.w.org\/{rel}","templated":true}]}}