{"id":11633,"date":"2015-09-29T12:39:33","date_gmt":"2015-09-29T11:39:33","guid":{"rendered":"http:\/\/www.bsrimprimeurs.ch\/blog\/?page_id=11633"},"modified":"2026-03-31T09:04:56","modified_gmt":"2026-03-31T08:04:56","slug":"02_prepresse-2","status":"publish","type":"page","link":"https:\/\/www.bsrimprimeurs.ch\/index.php\/02_prepresse-2\/","title":{"rendered":"02_Pr\u00e9presse"},"content":{"rendered":"<div class=\"fusion-fullwidth fullwidth-box fusion-builder-row-1 fusion-flex-container hundred-percent-fullwidth non-hundred-percent-height-scrolling\" style=\"--awb-border-radius-top-left:0px;--awb-border-radius-top-right:0px;--awb-border-radius-bottom-right:0px;--awb-border-radius-bottom-left:0px;--awb-overflow:visible;--awb-flex-wrap:wrap;\" ><div class=\"fusion-builder-row fusion-row fusion-flex-align-items-flex-start fusion-flex-content-wrap\" style=\"width:104% !important;max-width:104% !important;margin-left: calc(-4% \/ 2 );margin-right: calc(-4% \/ 2 );\"><div class=\"fusion-layout-column fusion_builder_column fusion-builder-column-0 fusion_builder_column_2_5 2_5 fusion-flex-column\" style=\"--awb-bg-size:cover;--awb-width-large:40%;--awb-margin-top-large:0px;--awb-spacing-right-large:3.84%;--awb-margin-bottom-large:20px;--awb-spacing-left-large:4.8%;--awb-width-medium:40%;--awb-spacing-right-medium:3.84%;--awb-spacing-left-medium:4.8%;--awb-width-small:100%;--awb-spacing-right-small:1.92%;--awb-spacing-left-small:1.92%;\"><div class=\"fusion-column-wrapper fusion-flex-justify-content-flex-start fusion-content-layout-column\"><div class=\"fusion-separator fusion-full-width-sep\" style=\"align-self: center;margin-left: auto;margin-right: auto;margin-top:10px;margin-bottom:20px;width:100%;\"><\/div><i class=\"fb-icon-element-1 fb-icon-element fontawesome-icon fa fa-magic circle-no fusion-animated\" style=\"--awb-iconcolor:#ed1c8f;--awb-iconcolor-hover:#ed1c8f;--awb-circlecolor:#ffffff;--awb-font-size:200px;--awb-margin-top:0;--awb-margin-right:0;--awb-margin-bottom:0;--awb-margin-left:0;--awb-align-self:center;\" data-animationType=\"fadeInDown\" data-animationDuration=\"1\" data-animationOffset=\"top-into-view\"><\/i><\/div><\/div><div class=\"fusion-layout-column fusion_builder_column fusion-builder-column-1 fusion_builder_column_3_5 3_5 fusion-flex-column\" style=\"--awb-bg-size:cover;--awb-width-large:60%;--awb-margin-top-large:0px;--awb-spacing-right-large:3.2%;--awb-margin-bottom-large:20px;--awb-spacing-left-large:3.84%;--awb-width-medium:60%;--awb-spacing-right-medium:3.2%;--awb-spacing-left-medium:3.84%;--awb-width-small:100%;--awb-spacing-right-small:1.92%;--awb-spacing-left-small:1.92%;\"><div class=\"fusion-column-wrapper fusion-flex-justify-content-flex-start fusion-content-layout-column\"><div class=\"fusion-text fusion-text-1\"><h1 class=\"fusion-responsive-typography-calculated\" style=\"text-align: left; --fontsize: 34; line-height: 1.41;\" data-fontsize=\"34\" data-lineheight=\"47.939999px\">Pr\u00e9presse<\/h1>\n<p>La qualit\u00e9 de vos fichiers influence fortement le r\u00e9sultat final. C\u2019est pourquoi, d\u00e8s le d\u00e9part, le service pr\u00e9presse de BSR Imprimeurs vous conseille pour \u00e9laborer votre projet. Cette premi\u00e8re \u00e9tape permet d\u2019affiner ou de corriger les donn\u00e9es avant de lancer la production.<\/p>\n<p>Equip\u00e9s de logiciels performants, nos polygraphes contr\u00f4lent vos fichiers et vous guident sur les corrections et retouches n\u00e9cessaires \u00e0 effectuer.<\/p>\n<p>Afin de renforcer la coh\u00e9rence et l\u2019impact graphique de votre communication, nous pouvons \u00e9galement vous proposer la cr\u00e9ation et la r\u00e9alisation de d\u00e9pliants, flyers, logos, magazines, newsletters, affiches, cartes de visite, rapports annuels, etc.<\/p>\n<p><strong>PR\u00c9PARATION DES FICHIERS POUR L&rsquo;IMPRESSION<\/strong><br \/>De mani\u00e8re \u00e0 vous fournir un meilleur service et \u00e0 \u00e9viter tout impr\u00e9vu dans la production de vos imprim\u00e9s, nous vous invitons \u00e0 parcourir ce document qui vous informera sur la mani\u00e8re de pr\u00e9parer vos \ufb01chiers PDFs pour l\u2019impression. Nous restons bien entendu \u00e0 votre disposition pour toutes les donn\u00e9es techniques dont vous auriez besoin. Notre but, comme le v\u00f4tre, est de produire un imprim\u00e9 de qualit\u00e9: <a href=\"https:\/\/www.bsrimprimeurs.ch\/wp-content\/uploads\/2022\/02\/BSR_normestechniques-2022.pdf\" target=\"_blank\" rel=\"noopener\">T\u00e9l\u00e9chargez le PDF<\/a><\/p>\n<\/div><div class=\"fusion-separator fusion-full-width-sep\" style=\"align-self: center;margin-left: auto;margin-right: auto;margin-top:10px;margin-bottom:20px;width:100%;\"><\/div><div class=\"fusion-content-boxes content-boxes columns row fusion-columns-1 fusion-columns-total-1 fusion-content-boxes-1 content-boxes-icon-boxed content-left\" style=\"--awb-body-color:#000000;--awb-title-color:#ed1c8f;--awb-hover-accent-color:var(--awb-color4);--awb-circle-hover-accent-color:var(--awb-color4);--awb-item-margin-bottom:40px;\" data-animationOffset=\"top-into-view\"><div style=\"--awb-backgroundcolor:#f2f2f2;\" class=\"fusion-column content-box-column content-box-column content-box-column-1 col-lg-12 col-md-12 col-sm-12 fusion-content-box-hover content-box-column-last content-box-column-last-in-row\"><div class=\"col content-box-wrapper content-wrapper-background content-wrapper-boxed link-area-link-icon icon-hover-animation-pulsate\" data-animationOffset=\"top-into-view\"><div class=\"heading heading-with-icon icon-left\"><div class=\"icon\"><i style=\"border-color:#ffffff;border-width:1px;background-color:#ed1c8f;box-sizing:content-box;height:42px;width:42px;line-height:42px;top:-71px;margin-left:-21px;border-radius:50%;font-size:21px;\" aria-hidden=\"true\" class=\"fontawesome-icon fa-lightbulb far circle-yes\"><\/i><\/div><h2 class=\"content-box-heading fusion-responsive-typography-calculated\" style=\"--h2_typography-font-size:20px;--fontSize:20;line-height:1.13;\">Le saviez vous?<\/h2><\/div><div class=\"fusion-clearfix\"><\/div><div class=\"content-container\">\n<p>Lors de l&rsquo;impression, la m\u00eame couleur peut varier en fonction du type de papier. Les couleurs seront plus satur\u00e9es sur un papier couch\u00e9 mat ou brillant. Un papier offset donnera quant \u00e0 lui un aspect g\u00e9n\u00e9ral plus terne notamment sur les images.<\/p>\n<p>Il faudra en prendre compte lorsque vous choisirez le papier d&rsquo;impression. Il est aussi primordial que le traitement des images soit fait de mani\u00e8re adapt\u00e9e.<\/p>\n<\/div><\/div><\/div><div class=\"fusion-clearfix\"><\/div><\/div><div class=\"fusion-separator fusion-full-width-sep\" style=\"align-self: center;margin-left: auto;margin-right: auto;margin-top:0px;margin-bottom:20px;width:100%;\"><div class=\"fusion-separator-border sep-single sep-solid\" style=\"--awb-height:20px;--awb-amount:20px;--awb-sep-color:#f2f2f2;border-color:#f2f2f2;border-top-width:5px;\"><\/div><\/div><div class=\"fusion-text fusion-text-2\"><h1 style=\"text-align: left;\">Tutoriels<\/h1>\n<\/div><\/div><\/div><div class=\"fusion-layout-column fusion_builder_column fusion-builder-column-2 fusion_builder_column_2_5 2_5 fusion-flex-column\" style=\"--awb-bg-size:cover;--awb-width-large:40%;--awb-margin-top-large:0px;--awb-spacing-right-large:4.8%;--awb-margin-bottom-large:20px;--awb-spacing-left-large:4.8%;--awb-width-medium:40%;--awb-spacing-right-medium:4.8%;--awb-spacing-left-medium:4.8%;--awb-width-small:100%;--awb-spacing-right-small:1.92%;--awb-spacing-left-small:1.92%;\"><div class=\"fusion-column-wrapper fusion-flex-justify-content-flex-start fusion-content-layout-column\"><\/div><\/div><div class=\"fusion-layout-column fusion_builder_column fusion-builder-column-3 fusion_builder_column_1_4 1_4 fusion-flex-column\" style=\"--awb-bg-size:cover;--awb-width-large:25%;--awb-margin-top-large:0px;--awb-spacing-right-large:7.68%;--awb-margin-bottom-large:20px;--awb-spacing-left-large:7.68%;--awb-width-medium:25%;--awb-spacing-right-medium:7.68%;--awb-spacing-left-medium:7.68%;--awb-width-small:100%;--awb-spacing-right-small:1.92%;--awb-spacing-left-small:1.92%;\"><div class=\"fusion-column-wrapper fusion-flex-justify-content-flex-start fusion-content-layout-column\"><div class=\"fusion-text fusion-text-3\"><p><b>AJOUTER DU FOND PERDU DANS INDESIGN<\/b><\/p>\n<\/div><div class=\"fusion-video fusion-youtube\" style=\"--awb-max-width:600px;--awb-max-height:350px;\"><div class=\"video-shortcode\"><div class=\"fluid-width-video-wrapper\" style=\"padding-top:58.33%;\" ><iframe title=\"YouTube video player 1\" src=\"https:\/\/www.youtube.com\/embed\/ww9NapENhPg?wmode=transparent&autoplay=0\" width=\"600\" height=\"350\" allowfullscreen allow=\"autoplay; clipboard-write; encrypted-media; gyroscope; picture-in-picture;\"><\/iframe><\/div><\/div><\/div><\/div><\/div><div class=\"fusion-layout-column fusion_builder_column fusion-builder-column-4 fusion_builder_column_1_4 1_4 fusion-flex-column\" style=\"--awb-bg-size:cover;--awb-width-large:25%;--awb-margin-top-large:0px;--awb-spacing-right-large:7.68%;--awb-margin-bottom-large:20px;--awb-spacing-left-large:7.68%;--awb-width-medium:25%;--awb-spacing-right-medium:7.68%;--awb-spacing-left-medium:7.68%;--awb-width-small:100%;--awb-spacing-right-small:1.92%;--awb-spacing-left-small:1.92%;\"><div class=\"fusion-column-wrapper fusion-flex-justify-content-flex-start fusion-content-layout-column\"><div class=\"fusion-text fusion-text-4\"><p><b>CORRIGER DU TEXTE QUI EST EN NOIR QUADRI<\/b><\/p>\n<\/div><div class=\"fusion-video fusion-youtube\" style=\"--awb-max-width:600px;--awb-max-height:350px;\"><div class=\"video-shortcode\"><div class=\"fluid-width-video-wrapper\" style=\"padding-top:58.33%;\" ><iframe title=\"YouTube video player 2\" src=\"https:\/\/www.youtube.com\/embed\/_u4JKtPjSm0?wmode=transparent&autoplay=0\" width=\"600\" height=\"350\" allowfullscreen allow=\"autoplay; clipboard-write; encrypted-media; gyroscope; picture-in-picture;\"><\/iframe><\/div><\/div><\/div><\/div><\/div><\/div><\/div>\n","protected":false},"excerpt":{"rendered":"","protected":false},"author":1,"featured_media":0,"parent":0,"menu_order":0,"comment_status":"closed","ping_status":"closed","template":"","meta":{"footnotes":""},"class_list":["post-11633","page","type-page","status-publish","hentry"],"_links":{"self":[{"href":"https:\/\/www.bsrimprimeurs.ch\/index.php\/wp-json\/wp\/v2\/pages\/11633","targetHints":{"allow":["GET"]}}],"collection":[{"href":"https:\/\/www.bsrimprimeurs.ch\/index.php\/wp-json\/wp\/v2\/pages"}],"about":[{"href":"https:\/\/www.bsrimprimeurs.ch\/index.php\/wp-json\/wp\/v2\/types\/page"}],"author":[{"embeddable":true,"href":"https:\/\/www.bsrimprimeurs.ch\/index.php\/wp-json\/wp\/v2\/users\/1"}],"replies":[{"embeddable":true,"href":"https:\/\/www.bsrimprimeurs.ch\/index.php\/wp-json\/wp\/v2\/comments?post=11633"}],"version-history":[{"count":25,"href":"https:\/\/www.bsrimprimeurs.ch\/index.php\/wp-json\/wp\/v2\/pages\/11633\/revisions"}],"predecessor-version":[{"id":12240,"href":"https:\/\/www.bsrimprimeurs.ch\/index.php\/wp-json\/wp\/v2\/pages\/11633\/revisions\/12240"}],"wp:attachment":[{"href":"https:\/\/www.bsrimprimeurs.ch\/index.php\/wp-json\/wp\/v2\/media?parent=11633"}],"curies":[{"name":"wp","href":"https:\/\/api.w.org\/{rel}","templated":true}]}}