{"id":11637,"date":"2015-09-29T12:58:53","date_gmt":"2015-09-29T11:58:53","guid":{"rendered":"http:\/\/www.bsrimprimeurs.ch\/blog\/?page_id=11637"},"modified":"2026-02-24T14:12:13","modified_gmt":"2026-02-24T13:12:13","slug":"05_ecologie","status":"publish","type":"page","link":"https:\/\/www.bsrimprimeurs.ch\/index.php\/05_ecologie\/","title":{"rendered":"05_Ecologie"},"content":{"rendered":"<div class=\"fusion-fullwidth fullwidth-box fusion-builder-row-1 fusion-flex-container hundred-percent-fullwidth non-hundred-percent-height-scrolling\" style=\"--awb-border-radius-top-left:0px;--awb-border-radius-top-right:0px;--awb-border-radius-bottom-right:0px;--awb-border-radius-bottom-left:0px;--awb-overflow:visible;--awb-flex-wrap:wrap;\" ><div class=\"fusion-builder-row fusion-row fusion-flex-align-items-flex-start fusion-flex-content-wrap\" style=\"width:104% !important;max-width:104% !important;margin-left: calc(-4% \/ 2 );margin-right: calc(-4% \/ 2 );\"><div class=\"fusion-layout-column fusion_builder_column fusion-builder-column-0 fusion_builder_column_2_5 2_5 fusion-flex-column\" style=\"--awb-bg-size:cover;--awb-width-large:40%;--awb-margin-top-large:0px;--awb-spacing-right-large:3.84%;--awb-margin-bottom-large:20px;--awb-spacing-left-large:4.8%;--awb-width-medium:40%;--awb-spacing-right-medium:3.84%;--awb-spacing-left-medium:4.8%;--awb-width-small:100%;--awb-spacing-right-small:1.92%;--awb-spacing-left-small:1.92%;\"><div class=\"fusion-column-wrapper fusion-flex-justify-content-flex-start fusion-content-layout-column\"><div class=\"fusion-separator fusion-full-width-sep\" style=\"align-self: center;margin-left: auto;margin-right: auto;margin-top:10px;margin-bottom:20px;width:100%;\"><\/div><i class=\"fb-icon-element-1 fb-icon-element fontawesome-icon fa fa-leaf circle-no fusion-animated\" style=\"--awb-iconcolor:#ed1c8f;--awb-iconcolor-hover:#ed1c8f;--awb-circlecolor:#ffffff;--awb-font-size:200px;--awb-margin-top:0;--awb-margin-right:0;--awb-margin-bottom:0;--awb-margin-left:0;--awb-align-self:center;\" data-animationType=\"fadeInDown\" data-animationDuration=\"1\" data-animationOffset=\"top-into-view\"><\/i><\/div><\/div><div class=\"fusion-layout-column fusion_builder_column fusion-builder-column-1 fusion_builder_column_3_5 3_5 fusion-flex-column\" style=\"--awb-bg-size:cover;--awb-width-large:60%;--awb-margin-top-large:0px;--awb-spacing-right-large:3.2%;--awb-margin-bottom-large:20px;--awb-spacing-left-large:3.84%;--awb-width-medium:60%;--awb-spacing-right-medium:3.2%;--awb-spacing-left-medium:3.84%;--awb-width-small:100%;--awb-spacing-right-small:1.92%;--awb-spacing-left-small:1.92%;\"><div class=\"fusion-column-wrapper fusion-flex-justify-content-flex-start fusion-content-layout-column\"><div class=\"fusion-text fusion-text-1\"><h1 style=\"text-align: left;\">Ecologie<\/h1>\n<p>Tous les efforts r\u00e9cemment fournis dans le domaine de la compatibilit\u00e9 \u00e9cologique montrent que nous mettons\u00a0tout en \u0153uvre pour le d\u00e9veloppement durable. Apr\u00e8s la suppression de la chimie dans la fabrication des plaques d\u2019impression et le recyclage des d\u00e9chets (papier, encres, chiffons), l\u2019acquisition de la certification FSC est une composante essentielle de la strat\u00e9gie environnementale de l\u2019entreprise. Nous vous assurons\u00a0un haut degr\u00e9 de transparence quant \u00e0 la provenance des mati\u00e8res premi\u00e8res. La tra\u00e7abilit\u00e9 est garantie jusqu\u2019\u00e0 l\u2019origine m\u00eame des ressources.<\/p>\n<p>Le label\u00a0FSC peut \u00eatre ajout\u00e9 sur vos documents imprim\u00e9s chez BSR Imprimeurs. En effet, son\u00a0usage est strictement r\u00e9glement\u00e9 et il ne peut \u00eatre utilis\u00e9 que si l\u2019imprimerie poss\u00e8de la certification.<\/p>\n<p><img decoding=\"async\" class=\"wp-image-11601 size-full alignleft\" src=\"https:\/\/www.bsrimprimeurs.ch\/wp-content\/uploads\/2022\/02\/FSC_C031954_Promotional_with_text_Landscape_BlackOnWhite_r_ebyxLd.png\" alt=\"logo_fsc\" width=\"256\" height=\"135\" \/><\/p>\n<\/div><div class=\"fusion-separator fusion-full-width-sep\" style=\"align-self: center;margin-left: auto;margin-right: auto;margin-top:10px;margin-bottom:20px;width:100%;\"><\/div><div class=\"fusion-content-boxes content-boxes columns row fusion-columns-1 fusion-columns-total-1 fusion-content-boxes-1 content-boxes-icon-boxed content-left\" style=\"--awb-body-color:#000000;--awb-title-color:#ed1c8f;--awb-hover-accent-color:var(--awb-color4);--awb-circle-hover-accent-color:var(--awb-color4);--awb-item-margin-bottom:40px;\" data-animationOffset=\"top-into-view\"><div style=\"--awb-backgroundcolor:#f2f2f2;--awb-iconcolor:#ffffff;\" class=\"fusion-column content-box-column content-box-column content-box-column-1 col-lg-12 col-md-12 col-sm-12 fusion-content-box-hover content-box-column-last content-box-column-last-in-row\"><div class=\"col content-box-wrapper content-wrapper-background content-wrapper-boxed link-area-link-icon link-type-button icon-hover-animation-pulsate\" data-animationOffset=\"top-into-view\"><div class=\"heading heading-with-icon icon-left\"><a class=\"heading-link\" href=\"https:\/\/ic.fsc.org\" target=\"_blank\" rel=\"noopener noreferrer\"><div class=\"icon\"><i style=\"border-color:#ffffff;border-width:1px;background-color:#ed1c8f;box-sizing:content-box;height:42px;width:42px;line-height:42px;top:-71px;margin-left:-21px;border-radius:50%;font-size:21px;\" aria-hidden=\"true\" class=\"fontawesome-icon fa-file fas circle-yes\"><\/i><\/div><h2 class=\"content-box-heading fusion-responsive-typography-calculated\" style=\"--h2_typography-font-size:20px;--fontSize:20;line-height:1.13;\">La certification FSC<\/h2><\/a><\/div><div class=\"fusion-clearfix\"><\/div><div class=\"content-container\">\n<p>Il faut faire tr\u00e8s attention lors de l&rsquo;utilisation du logo FSC.<br \/>\nIl est \u00e0 usage \u00ab\u00a0unique\u00a0\u00bb et propre \u00e0 chaque imprimeur et \u00e0 chaque type de papier utilis\u00e9.<br \/>\nIl n&rsquo;est pas permis d&rsquo;utiliser le logo si l&rsquo;imprimeur n&rsquo;est pas certifi\u00e9<br \/>\n(et cela m\u00eame si le papier utilis\u00e9 est FSC).<br \/>\nIl faut donc pour chaque nouveau travail demander \u00e0 l&rsquo;imprimeur<br \/>\nle logo en fonction du papier utilis\u00e9.<\/p>\n<\/div><div class=\"fusion-clearfix\"><\/div><a class=\"fusion-read-more-button fusion-content-box-button fusion-button button-default fusion-button-default-size button- button-flat\" href=\"https:\/\/ic.fsc.org\" target=\"_blank\" rel=\"noopener noreferrer\"><span class=\"fusion-button-text\">Site officiel FSC<\/span><\/a><div class=\"fusion-clearfix\"><\/div><\/div><\/div><div class=\"fusion-clearfix\"><\/div><\/div><\/div><\/div><\/div><\/div>\n","protected":false},"excerpt":{"rendered":"","protected":false},"author":1,"featured_media":0,"parent":0,"menu_order":0,"comment_status":"closed","ping_status":"closed","template":"","meta":{"footnotes":""},"class_list":["post-11637","page","type-page","status-publish","hentry"],"_links":{"self":[{"href":"https:\/\/www.bsrimprimeurs.ch\/index.php\/wp-json\/wp\/v2\/pages\/11637","targetHints":{"allow":["GET"]}}],"collection":[{"href":"https:\/\/www.bsrimprimeurs.ch\/index.php\/wp-json\/wp\/v2\/pages"}],"about":[{"href":"https:\/\/www.bsrimprimeurs.ch\/index.php\/wp-json\/wp\/v2\/types\/page"}],"author":[{"embeddable":true,"href":"https:\/\/www.bsrimprimeurs.ch\/index.php\/wp-json\/wp\/v2\/users\/1"}],"replies":[{"embeddable":true,"href":"https:\/\/www.bsrimprimeurs.ch\/index.php\/wp-json\/wp\/v2\/comments?post=11637"}],"version-history":[{"count":32,"href":"https:\/\/www.bsrimprimeurs.ch\/index.php\/wp-json\/wp\/v2\/pages\/11637\/revisions"}],"predecessor-version":[{"id":12190,"href":"https:\/\/www.bsrimprimeurs.ch\/index.php\/wp-json\/wp\/v2\/pages\/11637\/revisions\/12190"}],"wp:attachment":[{"href":"https:\/\/www.bsrimprimeurs.ch\/index.php\/wp-json\/wp\/v2\/media?parent=11637"}],"curies":[{"name":"wp","href":"https:\/\/api.w.org\/{rel}","templated":true}]}}